{"id":626,"date":"2019-04-27T18:59:25","date_gmt":"2019-04-27T16:59:25","guid":{"rendered":"http:\/\/localhost:8888\/wordpress\/?page_id=626"},"modified":"2023-01-17T11:43:35","modified_gmt":"2023-01-17T10:43:35","slug":"anfahrt","status":"publish","type":"page","link":"https:\/\/www.haus-strelasund.de\/?page_id=626","title":{"rendered":"Anfahrt"},"content":{"rendered":"\n<h2 class=\"wp-block-heading\">Anfahrt<\/h2>\n\n\n\n<div class=\"wp-block-coblocks-row coblocks-row-411193830926\" data-columns=\"3\" data-layout=\"33-33-33\"><div class=\"wp-block-coblocks-row__inner has-no-padding has-no-margin is-stacked-on-mobile has-medium-gutter\">\n<div class=\"wp-block-coblocks-column coblocks-column-411193836713\" style=\"width:33.33%\"><div class=\"wp-block-coblocks-column__inner has-no-padding has-no-margin\"><div class=\"wp-block-image icon\">\n<figure class=\"aligncenter size-full\"><img loading=\"lazy\" decoding=\"async\" width=\"233\" height=\"250\" src=\"https:\/\/www.haus-strelasund.de\/wp-content\/uploads\/2023\/01\/location-icon-1.gif\" alt=\"\" class=\"wp-image-1848\"\/><\/figure><\/div>\n\n\n<p><\/p>\n\n\n\n<h3 class=\"wp-block-heading\">Anschrift<\/h3>\n\n\n\n<p>Haus Strelasund Apartmenthaus Strelasund <br>Strandpromenade 65<br>18609 Ostseebad Binz<\/p>\n<\/div><\/div>\n\n\n\n<div class=\"wp-block-coblocks-column coblocks-column-411193836731\" style=\"width:33.33%\"><div class=\"wp-block-coblocks-column__inner has-no-padding has-no-margin\"><div class=\"wp-block-image icon\">\n<figure class=\"aligncenter size-full is-resized\"><img decoding=\"async\" src=\"https:\/\/www.haus-strelasund.de\/wp-content\/uploads\/2023\/01\/car_gold_border-1.gif\" alt=\"\" class=\"wp-image-1847\" width=\"250\"\/><\/figure><\/div>\n\n\n<p><\/p>\n\n\n\n<p><\/p>\n\n\n\n<h3 class=\"wp-block-heading\">Mit dem Auto<\/h3>\n\n\n\n<p>Die Strandpromenade ist eine Fu\u00dfg\u00e4ngerzone, deshalb geben Sie bitte in Ihr Navigatonsger\u00e4t &#8222;Proraer Stra\u00dfe 29&#8220; ein, diese Angabe f\u00fchrt Sie ans Ziel. Oder folgen Sie in Binz der &#8222;blauen Hotelroute&#8220;, diese f\u00fchrt Sie direkt zum Haus Strelasund.<\/p>\n\n\n\n<p><a rel=\"noreferrer noopener\" href=\"https:\/\/www.google.de\/maps\/dir\/\/Proraer+Str.+65,+18609+Binz\/@54.4090886,13.5996892,17z\/data=!4m8!4m7!1m0!1m5!1m1!1s0x47ab3f8370bcf515:0xb94844b357f38cd!2m2!1d13.6018779!2d54.4090886\" target=\"_blank\">Routenplaner\ufeff<\/a><\/p>\n<\/div><\/div>\n\n\n\n<div class=\"wp-block-coblocks-column coblocks-column-411193836747\" style=\"width:33.33%\"><div class=\"wp-block-coblocks-column__inner has-no-padding has-no-margin\"><div class=\"wp-block-image icon is-style-default\">\n<figure class=\"aligncenter size-full\"><img loading=\"lazy\" decoding=\"async\" width=\"174\" height=\"250\" src=\"https:\/\/www.haus-strelasund.de\/wp-content\/uploads\/2023\/01\/train-gold_border-1.gif\" alt=\"\" class=\"wp-image-1849\"\/><\/figure><\/div>\n\n\n<p><\/p>\n\n\n\n<h3 class=\"wp-block-heading\">Mit dem Zug<\/h3>\n\n\n\n<p>Nach Binz verkehren regelm\u00e4\u00dfig durchgehende Z\u00fcge von Berlin, Hamburg, Dortmund \u2013 ja sogar von Basel. Schicken Sie Ihr Gep\u00e4ck gern voraus, damit Sie bequem reisen.<\/p>\n\n\n\n<p><a rel=\"noreferrer noopener\" href=\"https:\/\/reiseauskunft.bahn.de\/bin\/query.exe\/dn?revia=yes&amp;existOptimizePrice=1&amp;country=DEU&amp;dbkanal_007=L01_S01_D001_KIN0001_qf-bahn-svb-kl2_lz03&amp;start=1&amp;protocol=https%3A&amp;S=&amp;REQ0JourneyStopsSID=&amp;Z=binz&amp;REQ0JourneyStopsZID=&amp;date=Fr%2C+10.05.19&amp;time=20%3A29&amp;timesel=depart&amp;returnDate=&amp;returnTime=&amp;returnTimesel=depart&amp;optimize=0&amp;auskunft_travelers_number=1&amp;tariffTravellerType.1=E&amp;tariffTravellerReductionClass.1=0&amp;tariffClass=2&amp;rtMode=DB-HYBRID&amp;externRequest=yes&amp;HWAI=JS%21js%3Dyes%21ajax%3Dyes%21\" target=\"_blank\">Bahnverbindung\ufeff<\/a><\/p>\n<\/div><\/div>\n<\/div><\/div>\n\n\n\n<p><\/p>\n","protected":false},"excerpt":{"rendered":"<p>Anfahrt<\/p>\n","protected":false},"author":1,"featured_media":1185,"parent":0,"menu_order":0,"comment_status":"closed","ping_status":"closed","template":"","meta":{"_coblocks_attr":"","_coblocks_dimensions":"","_coblocks_responsive_height":"","_coblocks_accordion_ie_support":"","footnotes":""},"class_list":["post-626","page","type-page","status-publish","has-post-thumbnail"],"_links":{"self":[{"href":"https:\/\/www.haus-strelasund.de\/index.php?rest_route=\/wp\/v2\/pages\/626","targetHints":{"allow":["GET"]}}],"collection":[{"href":"https:\/\/www.haus-strelasund.de\/index.php?rest_route=\/wp\/v2\/pages"}],"about":[{"href":"https:\/\/www.haus-strelasund.de\/index.php?rest_route=\/wp\/v2\/types\/page"}],"author":[{"embeddable":true,"href":"https:\/\/www.haus-strelasund.de\/index.php?rest_route=\/wp\/v2\/users\/1"}],"replies":[{"embeddable":true,"href":"https:\/\/www.haus-strelasund.de\/index.php?rest_route=%2Fwp%2Fv2%2Fcomments&post=626"}],"version-history":[{"count":38,"href":"https:\/\/www.haus-strelasund.de\/index.php?rest_route=\/wp\/v2\/pages\/626\/revisions"}],"predecessor-version":[{"id":1855,"href":"https:\/\/www.haus-strelasund.de\/index.php?rest_route=\/wp\/v2\/pages\/626\/revisions\/1855"}],"wp:featuredmedia":[{"embeddable":true,"href":"https:\/\/www.haus-strelasund.de\/index.php?rest_route=\/wp\/v2\/media\/1185"}],"wp:attachment":[{"href":"https:\/\/www.haus-strelasund.de\/index.php?rest_route=%2Fwp%2Fv2%2Fmedia&parent=626"}],"curies":[{"name":"wp","href":"https:\/\/api.w.org\/{rel}","templated":true}]}}