{"id":161,"date":"2019-02-03T12:18:24","date_gmt":"2019-02-03T11:18:24","guid":{"rendered":"http:\/\/localhost:8888\/wordpress\/?page_id=161"},"modified":"2024-01-11T14:08:32","modified_gmt":"2024-01-11T13:08:32","slug":"termine","status":"publish","type":"page","link":"https:\/\/www.haus-strelasund.de\/?page_id=161","title":{"rendered":"Termine &#038; Preise"},"content":{"rendered":"\n<h2 class=\"wp-block-heading\">Termine &amp; Preise<\/h2>\n\n\n\n<p><strong>Die Preise enthalten alle Nebenkosten,<\/strong> inkl. Endreinigung, Bettw\u00e4sche und Handt\u00fccher, einen Tiefgaragenstellplatz und einen Strandkorb w\u00e4hrend der Saison.<\/p>\n\n\n\n<figure class=\"wp-block-table\"><table><tbody><tr><td rowspan=\"2\"><\/td><td colspan=\"2\"><strong>Silberm\u00f6we<\/strong><\/td><td colspan=\"2\"><strong>Strandl\u00e4ufer<\/strong><\/td><\/tr><tr><td>f\u00fcr 2 Pers.<\/td><td>f\u00fcr 4 Pers.<\/td><td>f\u00fcr 2 Pers. <\/td><td>f\u00fcr 4 Pers.<\/td><\/tr><tr><td>16.10.-21.12.<br>05.01.-15.03.<\/td><td>115 \u20ac<\/td><td>135 \u20ac<\/td><td>100 \u20ac<\/td><td>120 \u20ac<\/td><\/tr><tr><td>16.3.-01.07.<br>01.09.-16.10.<br>21.12.-04.01.<\/td><td>155 \u20ac<\/td><td>175 \u20ac<\/td><td>130 \u20ac<\/td><td>150 \u20ac<\/td><\/tr><tr><td>01.07.-01.09.<\/td><td>210 \u20ac<\/td><td>230 \u20ac<\/td><td>185 \u20ac<\/td><td>205 \u20ac<\/td><\/tr><\/tbody><\/table><\/figure>\n\n\n\n<p>Auf Nachfrage stellen wir Ihnen gern kostenlos ein Kinderbett und einen Kinderstuhl zur Verf\u00fcgung<\/p>\n\n\n\n<div class=\"wp-block-abc-shortcodes-calendar-overview\"><!-- Begin Advanced Booking Calendar WordPress plugin: https:\/\/www.booking-calendar-plugin.com -->\n\t\t<div class=\"abc-box abc-calendar-overview\" id=\"abc-calendaroverview-69e8c76d8a797\">\n\t\t\t\t<div class=\"abc-calendar-overview\">\n\t\t\t\t<table>\n\t\t\t\t<thead>\n\t\t\t\t\t<tr>\n\t\t\t\t\t\t<th class=\"abcDateSelector\">\n\t\t\t\t\t\t\t<button data-id=\"69e8c76d8a797\" data-year=\"2026\" data-month=\"3\" class=\"fa fa-chevron-left abc-button-rl abc-overview-button-left abc-overview-button\"><\/button>\n\t\t\t\t\t\t\t<button data-id=\"69e8c76d8a797\" data-year=\"2026\" data-month=\"5\" class=\"fa fa-chevron-right abc-button-rl abc-overview-button-right abc-overview-button\"><\/button>\n\t\t\t\t\t\t\n\t\t\t\t\t\t<div class=\"abcDateForm\">\n\t\t\t\t\t\t\t<select data-id=\"69e8c76d8a797\" class=\"abcMonthSelector\" name=\"abcMonth\" size=\"1\"><option value=\"1\">Jan.<\/option><option value=\"2\">Feb.<\/option><option value=\"3\">M\u00e4rz<\/option><option value=\"4\" selected>Apr.<\/option><option value=\"5\">Mai<\/option><option value=\"6\">Juni<\/option><option value=\"7\">Juli<\/option><option value=\"8\">Aug.<\/option><option value=\"9\">Sep.<\/option><option value=\"10\">Okt.<\/option><option value=\"11\">Nov.<\/option><option value=\"12\">Dez.<\/option>\t\t\t\t\t\t\t<\/select>\n\t\t\t\t\t\t\t\t<select data-id=\"69e8c76d8a797\" class=\"abcYearSelector\" name=\"abcYear\" size=\"1\"><li><option value=\"2024\">2024<\/option><li><option value=\"2025\">2025<\/option><li><option value=\"2026\" selected>2026<\/option><li><option value=\"2027\">2027<\/option><li><option value=\"2028\">2028<\/option>\t\t\t\t\t\t<\/select>\n\t\t\t\t\t\t<\/div><\/th><th colspan=\"2\" class=\"abcCellBorderBottom abcCellBorderLeft abcDayNumber\">\n\t\t\t\t\t<span class=\"abcDayName\">Mi.<\/span><br\/>\n\t\t\t\t\t1<br\/><\/th><th colspan=\"2\" class=\"abcCellBorderBottom abcCellBorderLeft abcDayNumber\">\n\t\t\t\t\t<span class=\"abcDayName\">Do.<\/span><br\/>\n\t\t\t\t\t2<br\/><\/th><th colspan=\"2\" class=\"abcCellBorderBottom abcCellBorderLeft abcDayNumber\">\n\t\t\t\t\t<span class=\"abcDayName\">Fr.<\/span><br\/>\n\t\t\t\t\t3<br\/><\/th><th colspan=\"2\" class=\"abcCellBorderBottom abcCellBorderLeft abcDayNumber abcDayWeekend\">\n\t\t\t\t\t<span class=\"abcDayName\">Sa.<\/span><br\/>\n\t\t\t\t\t4<br\/><\/th><th colspan=\"2\" class=\"abcCellBorderBottom abcCellBorderLeft abcDayNumber abcDayWeekend\">\n\t\t\t\t\t<span class=\"abcDayName\">So.<\/span><br\/>\n\t\t\t\t\t5<br\/><\/th><th colspan=\"2\" class=\"abcCellBorderBottom abcCellBorderLeft abcDayNumber\">\n\t\t\t\t\t<span class=\"abcDayName\">Mo.<\/span><br\/>\n\t\t\t\t\t6<br\/><\/th><th colspan=\"2\" class=\"abcCellBorderBottom abcCellBorderLeft abcDayNumber\">\n\t\t\t\t\t<span class=\"abcDayName\">Di.<\/span><br\/>\n\t\t\t\t\t7<br\/><\/th><th colspan=\"2\" class=\"abcCellBorderBottom abcCellBorderLeft abcDayNumber\">\n\t\t\t\t\t<span class=\"abcDayName\">Mi.<\/span><br\/>\n\t\t\t\t\t8<br\/><\/th><th colspan=\"2\" class=\"abcCellBorderBottom abcCellBorderLeft abcDayNumber\">\n\t\t\t\t\t<span class=\"abcDayName\">Do.<\/span><br\/>\n\t\t\t\t\t9<br\/><\/th><th colspan=\"2\" class=\"abcCellBorderBottom abcCellBorderLeft abcDayNumber\">\n\t\t\t\t\t<span class=\"abcDayName\">Fr.<\/span><br\/>\n\t\t\t\t\t10<br\/><\/th><th colspan=\"2\" class=\"abcCellBorderBottom abcCellBorderLeft abcDayNumber abcDayWeekend\">\n\t\t\t\t\t<span class=\"abcDayName\">Sa.<\/span><br\/>\n\t\t\t\t\t11<br\/><\/th><th colspan=\"2\" class=\"abcCellBorderBottom abcCellBorderLeft abcDayNumber abcDayWeekend\">\n\t\t\t\t\t<span class=\"abcDayName\">So.<\/span><br\/>\n\t\t\t\t\t12<br\/><\/th><th colspan=\"2\" class=\"abcCellBorderBottom abcCellBorderLeft abcDayNumber\">\n\t\t\t\t\t<span class=\"abcDayName\">Mo.<\/span><br\/>\n\t\t\t\t\t13<br\/><\/th><th colspan=\"2\" class=\"abcCellBorderBottom abcCellBorderLeft abcDayNumber\">\n\t\t\t\t\t<span class=\"abcDayName\">Di.<\/span><br\/>\n\t\t\t\t\t14<br\/><\/th><th colspan=\"2\" class=\"abcCellBorderBottom abcCellBorderLeft abcDayNumber\">\n\t\t\t\t\t<span class=\"abcDayName\">Mi.<\/span><br\/>\n\t\t\t\t\t15<br\/><\/th><th colspan=\"2\" class=\"abcCellBorderBottom abcCellBorderLeft abcDayNumber\">\n\t\t\t\t\t<span class=\"abcDayName\">Do.<\/span><br\/>\n\t\t\t\t\t16<br\/><\/th><th colspan=\"2\" class=\"abcCellBorderBottom abcCellBorderLeft abcDayNumber\">\n\t\t\t\t\t<span class=\"abcDayName\">Fr.<\/span><br\/>\n\t\t\t\t\t17<br\/><\/th><th colspan=\"2\" class=\"abcCellBorderBottom abcCellBorderLeft abcDayNumber abcDayWeekend\">\n\t\t\t\t\t<span class=\"abcDayName\">Sa.<\/span><br\/>\n\t\t\t\t\t18<br\/><\/th><th colspan=\"2\" class=\"abcCellBorderBottom abcCellBorderLeft abcDayNumber abcDayWeekend\">\n\t\t\t\t\t<span class=\"abcDayName\">So.<\/span><br\/>\n\t\t\t\t\t19<br\/><\/th><th colspan=\"2\" class=\"abcCellBorderBottom abcCellBorderLeft abcDayNumber\">\n\t\t\t\t\t<span class=\"abcDayName\">Mo.<\/span><br\/>\n\t\t\t\t\t20<br\/><\/th><th colspan=\"2\" class=\"abcCellBorderBottom abcCellBorderLeft abcDayNumber\">\n\t\t\t\t\t<span class=\"abcDayName\">Di.<\/span><br\/>\n\t\t\t\t\t21<br\/><\/th><th colspan=\"2\" class=\"abcCellBorderBottom abcCellBorderLeft abcDayNumber\">\n\t\t\t\t\t<span class=\"abcDayName\">Mi.<\/span><br\/>\n\t\t\t\t\t22<br\/><\/th><th colspan=\"2\" class=\"abcCellBorderBottom abcCellBorderLeft abcDayNumber\">\n\t\t\t\t\t<span class=\"abcDayName\">Do.<\/span><br\/>\n\t\t\t\t\t23<br\/><\/th><th colspan=\"2\" class=\"abcCellBorderBottom abcCellBorderLeft abcDayNumber\">\n\t\t\t\t\t<span class=\"abcDayName\">Fr.<\/span><br\/>\n\t\t\t\t\t24<br\/><\/th><th colspan=\"2\" class=\"abcCellBorderBottom abcCellBorderLeft abcDayNumber abcDayWeekend\">\n\t\t\t\t\t<span class=\"abcDayName\">Sa.<\/span><br\/>\n\t\t\t\t\t25<br\/><\/th><th colspan=\"2\" class=\"abcCellBorderBottom abcCellBorderLeft abcDayNumber abcDayWeekend\">\n\t\t\t\t\t<span class=\"abcDayName\">So.<\/span><br\/>\n\t\t\t\t\t26<br\/><\/th><th colspan=\"2\" class=\"abcCellBorderBottom abcCellBorderLeft abcDayNumber\">\n\t\t\t\t\t<span class=\"abcDayName\">Mo.<\/span><br\/>\n\t\t\t\t\t27<br\/><\/th><th colspan=\"2\" class=\"abcCellBorderBottom abcCellBorderLeft abcDayNumber\">\n\t\t\t\t\t<span class=\"abcDayName\">Di.<\/span><br\/>\n\t\t\t\t\t28<br\/><\/th><th colspan=\"2\" class=\"abcCellBorderBottom abcCellBorderLeft abcDayNumber\">\n\t\t\t\t\t<span class=\"abcDayName\">Mi.<\/span><br\/>\n\t\t\t\t\t29<br\/><\/th><th colspan=\"2\" class=\"abcCellBorderBottom abcCellBorderLeft abcDayNumber\">\n\t\t\t\t\t<span class=\"abcDayName\">Do.<\/span><br\/>\n\t\t\t\t\t30<br\/><\/th>\t\t<\/tr>\n\t\t\t\t<\/thead>\n\t\t\t\t<tbody><tr>\n\t\t\t\t\t<td data-uk-tooltip=\"{pos:'right'}\" title=\"\" class=\"abcCalendarName\"><a href=\"https:\/\/www.haus-strelasund.de\/?page_id=157\">Silberm\u00f6we<\/a><\/td><td class=\" abcDayAvail abcCellBorderLeft\" title=\"Verf\u00fcgbar\">&nbsp;<\/td><td class=\" abcDayAvail\" title=\"Verf\u00fcgbar\">&nbsp;<\/td><td class=\" abcDayAvail abcCellBorderLeft\" title=\"Verf\u00fcgbar\">&nbsp;<\/td><td class=\" abcDayAvail\" title=\"Verf\u00fcgbar\">&nbsp;<\/td><td class=\" abcDayAvail abcCellBorderLeft\" title=\"Verf\u00fcgbar\">&nbsp;<\/td><td class=\" abcDayBooked\" title=\"Ausgebucht\">&nbsp;<\/td><td class=\" abcDayBooked abcCellBorderLeft\" title=\"Ausgebucht\">&nbsp;<\/td><td class=\" abcDayBooked\" title=\"Ausgebucht\">&nbsp;<\/td><td class=\" abcDayBooked abcCellBorderLeft\" title=\"Ausgebucht\">&nbsp;<\/td><td class=\" abcDayBooked\" title=\"Ausgebucht\">&nbsp;<\/td><td class=\" abcDayBooked abcCellBorderLeft\" title=\"Ausgebucht\">&nbsp;<\/td><td class=\" abcDayBooked\" title=\"Ausgebucht\">&nbsp;<\/td><td class=\" abcDayBooked abcCellBorderLeft\" title=\"Ausgebucht\">&nbsp;<\/td><td class=\" abcDayBooked\" title=\"Ausgebucht\">&nbsp;<\/td><td class=\" abcDayBooked abcCellBorderLeft\" title=\"Ausgebucht\">&nbsp;<\/td><td class=\" abcDayBooked\" title=\"Ausgebucht\">&nbsp;<\/td><td class=\" abcDayBooked abcCellBorderLeft\" title=\"Ausgebucht\">&nbsp;<\/td><td class=\" abcDayAvail\" title=\"Verf\u00fcgbar\">&nbsp;<\/td><td class=\" abcDayAvail abcCellBorderLeft\" title=\"Verf\u00fcgbar\">&nbsp;<\/td><td class=\" abcDayAvail\" title=\"Verf\u00fcgbar\">&nbsp;<\/td><td class=\" abcDayAvail abcCellBorderLeft\" title=\"Verf\u00fcgbar\">&nbsp;<\/td><td class=\" abcDayAvail\" title=\"Verf\u00fcgbar\">&nbsp;<\/td><td class=\" abcDayAvail abcCellBorderLeft\" title=\"Verf\u00fcgbar\">&nbsp;<\/td><td class=\" abcDayAvail\" title=\"Verf\u00fcgbar\">&nbsp;<\/td><td class=\" abcDayAvail abcCellBorderLeft\" title=\"Verf\u00fcgbar\">&nbsp;<\/td><td class=\" abcDayAvail\" title=\"Verf\u00fcgbar\">&nbsp;<\/td><td class=\" abcDayAvail abcCellBorderLeft\" title=\"Verf\u00fcgbar\">&nbsp;<\/td><td class=\" abcDayAvail\" title=\"Verf\u00fcgbar\">&nbsp;<\/td><td class=\" abcDayAvail abcCellBorderLeft\" title=\"Verf\u00fcgbar\">&nbsp;<\/td><td class=\" abcDayAvail\" title=\"Verf\u00fcgbar\">&nbsp;<\/td><td class=\" abcDayAvail abcCellBorderLeft\" title=\"Verf\u00fcgbar\">&nbsp;<\/td><td class=\" abcDayAvail\" title=\"Verf\u00fcgbar\">&nbsp;<\/td><td class=\" abcDayAvail abcCellBorderLeft\" title=\"Verf\u00fcgbar\">&nbsp;<\/td><td class=\" abcDayAvail\" title=\"Verf\u00fcgbar\">&nbsp;<\/td><td class=\" abcDayAvail abcCellBorderLeft\" title=\"Verf\u00fcgbar\">&nbsp;<\/td><td class=\" abcDayAvail\" title=\"Verf\u00fcgbar\">&nbsp;<\/td><td class=\" abcDayAvail abcCellBorderLeft\" title=\"Verf\u00fcgbar\">&nbsp;<\/td><td class=\" abcDayAvail\" title=\"Verf\u00fcgbar\">&nbsp;<\/td><td class=\" abcDayAvail abcCellBorderLeft\" title=\"Verf\u00fcgbar\">&nbsp;<\/td><td class=\" abcDayAvail\" title=\"Verf\u00fcgbar\">&nbsp;<\/td><td class=\" abcDayAvail abcCellBorderLeft\" title=\"Verf\u00fcgbar\">&nbsp;<\/td><td class=\" abcDayAvail\" title=\"Verf\u00fcgbar\">&nbsp;<\/td><td class=\" abcDayAvail abcCellBorderLeft\" title=\"Verf\u00fcgbar\">&nbsp;<\/td><td class=\" abcDayAvail\" title=\"Verf\u00fcgbar\">&nbsp;<\/td><td class=\" abcDayAvail abcCellBorderLeft\" title=\"Verf\u00fcgbar\">&nbsp;<\/td><td class=\" abcDayAvail\" title=\"Verf\u00fcgbar\">&nbsp;<\/td><td class=\" abcDayAvail abcCellBorderLeft\" title=\"Verf\u00fcgbar\">&nbsp;<\/td><td class=\" abcDayAvail\" title=\"Verf\u00fcgbar\">&nbsp;<\/td><td class=\" abcDayAvail abcCellBorderLeft\" title=\"Verf\u00fcgbar\">&nbsp;<\/td><td class=\" abcDayAvail\" title=\"Verf\u00fcgbar\">&nbsp;<\/td><td class=\" abcDayAvail abcCellBorderLeft\" title=\"Verf\u00fcgbar\">&nbsp;<\/td><td class=\" abcDayBooked\" title=\"Ausgebucht\">&nbsp;<\/td><td class=\" abcDayBooked abcCellBorderLeft\" title=\"Ausgebucht\">&nbsp;<\/td><td class=\" abcDayBooked\" title=\"Ausgebucht\">&nbsp;<\/td><td class=\" abcDayBooked abcCellBorderLeft\" title=\"Ausgebucht\">&nbsp;<\/td><td class=\" abcDayBooked\" title=\"Ausgebucht\">&nbsp;<\/td><td class=\" abcDayBooked abcCellBorderLeft\" title=\"Ausgebucht\">&nbsp;<\/td><td class=\" abcDayBooked\" title=\"Ausgebucht\">&nbsp;<\/td><td class=\" abcDayBooked abcCellBorderLeft\" title=\"Ausgebucht\">&nbsp;<\/td><td class=\" abcDayBooked\" title=\"Ausgebucht\">&nbsp;<\/td><\/tr><tr>\n\t\t\t\t\t<td data-uk-tooltip=\"{pos:'right'}\" title=\"\" class=\"abcCalendarName\"><a href=\"https:\/\/www.haus-strelasund.de\/?page_id=159\">Strandl\u00e4ufer<\/a><\/td><td class=\" abcDayBooked abcCellBorderLeft\" title=\"Ausgebucht\">&nbsp;<\/td><td class=\" abcDayBooked\" title=\"Ausgebucht\">&nbsp;<\/td><td class=\" abcDayBooked abcCellBorderLeft\" title=\"Ausgebucht\">&nbsp;<\/td><td class=\" abcDayBooked\" title=\"Ausgebucht\">&nbsp;<\/td><td class=\" abcDayBooked abcCellBorderLeft\" title=\"Ausgebucht\">&nbsp;<\/td><td class=\" abcDayBooked\" title=\"Ausgebucht\">&nbsp;<\/td><td class=\" abcDayBooked abcCellBorderLeft\" title=\"Ausgebucht\">&nbsp;<\/td><td class=\" abcDayBooked\" title=\"Ausgebucht\">&nbsp;<\/td><td class=\" abcDayBooked abcCellBorderLeft\" title=\"Ausgebucht\">&nbsp;<\/td><td class=\" abcDayBooked\" title=\"Ausgebucht\">&nbsp;<\/td><td class=\" abcDayBooked abcCellBorderLeft\" title=\"Ausgebucht\">&nbsp;<\/td><td class=\" abcDayBooked\" title=\"Ausgebucht\">&nbsp;<\/td><td class=\" abcDayBooked abcCellBorderLeft\" title=\"Ausgebucht\">&nbsp;<\/td><td class=\" abcDayBooked\" title=\"Ausgebucht\">&nbsp;<\/td><td class=\" abcDayBooked abcCellBorderLeft\" title=\"Ausgebucht\">&nbsp;<\/td><td class=\" abcDayBooked\" title=\"Ausgebucht\">&nbsp;<\/td><td class=\" abcDayBooked abcCellBorderLeft\" title=\"Ausgebucht\">&nbsp;<\/td><td class=\" abcDayBooked\" title=\"Ausgebucht\">&nbsp;<\/td><td class=\" abcDayBooked abcCellBorderLeft\" title=\"Ausgebucht\">&nbsp;<\/td><td class=\" abcDayBooked\" title=\"Ausgebucht\">&nbsp;<\/td><td class=\" abcDayBooked abcCellBorderLeft\" title=\"Ausgebucht\">&nbsp;<\/td><td class=\" abcDayBooked\" title=\"Ausgebucht\">&nbsp;<\/td><td class=\" abcDayBooked abcCellBorderLeft\" title=\"Ausgebucht\">&nbsp;<\/td><td class=\" abcDayAvail\" title=\"Verf\u00fcgbar\">&nbsp;<\/td><td class=\" abcDayAvail abcCellBorderLeft\" title=\"Verf\u00fcgbar\">&nbsp;<\/td><td class=\" abcDayAvail\" title=\"Verf\u00fcgbar\">&nbsp;<\/td><td class=\" abcDayAvail abcCellBorderLeft\" title=\"Verf\u00fcgbar\">&nbsp;<\/td><td class=\" abcDayAvail\" title=\"Verf\u00fcgbar\">&nbsp;<\/td><td class=\" abcDayAvail abcCellBorderLeft\" title=\"Verf\u00fcgbar\">&nbsp;<\/td><td class=\" abcDayAvail\" title=\"Verf\u00fcgbar\">&nbsp;<\/td><td class=\" abcDayAvail abcCellBorderLeft\" title=\"Verf\u00fcgbar\">&nbsp;<\/td><td class=\" abcDayAvail\" title=\"Verf\u00fcgbar\">&nbsp;<\/td><td class=\" abcDayAvail abcCellBorderLeft\" title=\"Verf\u00fcgbar\">&nbsp;<\/td><td class=\" abcDayAvail\" title=\"Verf\u00fcgbar\">&nbsp;<\/td><td class=\" abcDayAvail abcCellBorderLeft\" title=\"Verf\u00fcgbar\">&nbsp;<\/td><td class=\" abcDayAvail\" title=\"Verf\u00fcgbar\">&nbsp;<\/td><td class=\" abcDayAvail abcCellBorderLeft\" title=\"Verf\u00fcgbar\">&nbsp;<\/td><td class=\" abcDayAvail\" title=\"Verf\u00fcgbar\">&nbsp;<\/td><td class=\" abcDayAvail abcCellBorderLeft\" title=\"Verf\u00fcgbar\">&nbsp;<\/td><td class=\" abcDayAvail\" title=\"Verf\u00fcgbar\">&nbsp;<\/td><td class=\" abcDayAvail abcCellBorderLeft\" title=\"Verf\u00fcgbar\">&nbsp;<\/td><td class=\" abcDayAvail\" title=\"Verf\u00fcgbar\">&nbsp;<\/td><td class=\" abcDayAvail abcCellBorderLeft\" title=\"Verf\u00fcgbar\">&nbsp;<\/td><td class=\" abcDayAvail\" title=\"Verf\u00fcgbar\">&nbsp;<\/td><td class=\" abcDayAvail abcCellBorderLeft\" title=\"Verf\u00fcgbar\">&nbsp;<\/td><td class=\" abcDayAvail\" title=\"Verf\u00fcgbar\">&nbsp;<\/td><td class=\" abcDayAvail abcCellBorderLeft\" title=\"Verf\u00fcgbar\">&nbsp;<\/td><td class=\" abcDayAvail\" title=\"Verf\u00fcgbar\">&nbsp;<\/td><td class=\" abcDayAvail abcCellBorderLeft\" title=\"Verf\u00fcgbar\">&nbsp;<\/td><td class=\" abcDayAvail\" title=\"Verf\u00fcgbar\">&nbsp;<\/td><td class=\" abcDayAvail abcCellBorderLeft\" title=\"Verf\u00fcgbar\">&nbsp;<\/td><td class=\" abcDayAvail\" title=\"Verf\u00fcgbar\">&nbsp;<\/td><td class=\" abcDayAvail abcCellBorderLeft\" title=\"Verf\u00fcgbar\">&nbsp;<\/td><td class=\" abcDayAvail\" title=\"Verf\u00fcgbar\">&nbsp;<\/td><td class=\" abcDayAvail abcCellBorderLeft\" title=\"Verf\u00fcgbar\">&nbsp;<\/td><td class=\" abcDayAvail\" title=\"Verf\u00fcgbar\">&nbsp;<\/td><td class=\" abcDayAvail abcCellBorderLeft\" title=\"Verf\u00fcgbar\">&nbsp;<\/td><td class=\" abcDayAvail\" title=\"Verf\u00fcgbar\">&nbsp;<\/td><td class=\" abcDayAvail abcCellBorderLeft\" title=\"Verf\u00fcgbar\">&nbsp;<\/td><td class=\" abcDayAvail\" title=\"Verf\u00fcgbar\">&nbsp;<\/td><\/tr><\/tbody>\n\t\t\t<\/table>\n\t\t<\/div>\n\t\t<\/div><!-- End Advanced Booking Calendar WordPress plugin: https:\/\/www.booking-calendar-plugin.com --><\/div>\n\n\n\n<div class=\"abc-single-legend\"><span class=\"fa fa-square-o abc-single-legend-available\"><\/span>Verf\u00fcgbar<span class=\"fa fa-square abc-single-legend-fully\"><\/span>Ausgebucht<\/div>\n","protected":false},"excerpt":{"rendered":"<p>Termine &amp; Preise Die Preise enthalten alle Nebenkosten, inkl. Endreinigung, Bettw\u00e4sche und Handt\u00fccher, einen Tiefgaragenstellplatz und einen Strandkorb w\u00e4hrend der Saison. Silberm\u00f6we Strandl\u00e4ufer f\u00fcr 2 Pers. f\u00fcr 4 Pers. f\u00fcr 2 Pers. f\u00fcr 4 Pers. 16.10.-21.12.05.01.-15.03. 115 \u20ac 135 \u20ac 100 \u20ac 120 \u20ac 16.3.-01.07.01.09.-16.10.21.12.-04.01. 155 \u20ac 175 \u20ac 130 \u20ac 150 \u20ac 01.07.-01.09. 210 &#8230; <a title=\"Termine &#038; Preise\" class=\"read-more\" href=\"https:\/\/www.haus-strelasund.de\/?page_id=161\" aria-label=\"Mehr Informationen \u00fcber Termine &#038; Preise\">Weiterlesen<\/a><\/p>\n","protected":false},"author":1,"featured_media":1176,"parent":0,"menu_order":0,"comment_status":"closed","ping_status":"closed","template":"","meta":{"_coblocks_attr":"","_coblocks_dimensions":"","_coblocks_responsive_height":"","_coblocks_accordion_ie_support":"","footnotes":""},"class_list":["post-161","page","type-page","status-publish","has-post-thumbnail"],"_links":{"self":[{"href":"https:\/\/www.haus-strelasund.de\/index.php?rest_route=\/wp\/v2\/pages\/161","targetHints":{"allow":["GET"]}}],"collection":[{"href":"https:\/\/www.haus-strelasund.de\/index.php?rest_route=\/wp\/v2\/pages"}],"about":[{"href":"https:\/\/www.haus-strelasund.de\/index.php?rest_route=\/wp\/v2\/types\/page"}],"author":[{"embeddable":true,"href":"https:\/\/www.haus-strelasund.de\/index.php?rest_route=\/wp\/v2\/users\/1"}],"replies":[{"embeddable":true,"href":"https:\/\/www.haus-strelasund.de\/index.php?rest_route=%2Fwp%2Fv2%2Fcomments&post=161"}],"version-history":[{"count":30,"href":"https:\/\/www.haus-strelasund.de\/index.php?rest_route=\/wp\/v2\/pages\/161\/revisions"}],"predecessor-version":[{"id":1884,"href":"https:\/\/www.haus-strelasund.de\/index.php?rest_route=\/wp\/v2\/pages\/161\/revisions\/1884"}],"wp:featuredmedia":[{"embeddable":true,"href":"https:\/\/www.haus-strelasund.de\/index.php?rest_route=\/wp\/v2\/media\/1176"}],"wp:attachment":[{"href":"https:\/\/www.haus-strelasund.de\/index.php?rest_route=%2Fwp%2Fv2%2Fmedia&parent=161"}],"curies":[{"name":"wp","href":"https:\/\/api.w.org\/{rel}","templated":true}]}}