{"id":159,"date":"2019-02-03T12:17:59","date_gmt":"2019-02-03T11:17:59","guid":{"rendered":"http:\/\/localhost:8888\/wordpress\/?page_id=159"},"modified":"2024-01-11T14:07:45","modified_gmt":"2024-01-11T13:07:45","slug":"strandlaeufer","status":"publish","type":"page","link":"https:\/\/www.haus-strelasund.de\/?page_id=159","title":{"rendered":"***-Ferienapartment Strandl\u00e4ufer"},"content":{"rendered":"\n\n\n\n<h2 class=\"wp-block-heading\">***-Ferienapartment Strandl\u00e4ufer<\/h2>\n\n\n\n<p>Diese komfortable Nichtraucher-Ferienwohnung ist f\u00fcr bis zu 4 Personen und vor allem f\u00fcr Familien gut geeignet. Sie ist ausgestattet mit zwei hintereinander liegenden Schlafzimmern, einem gem\u00fctlichen Wohnzimmer, einer komplett eingerichteten K\u00fcche, einem gro\u00dfz\u00fcgigen Badezimmer mit viel Abstellfl\u00e4che, einem separaten G\u00e4ste-WC und einer Sonnenterrasse mit Blick auf die Binzer Bucht. Die Wohnung ist mit allergikerfreundlichem Korkboden ausgelegt. Handt\u00fccher werden w\u00f6chentlich kostenlos gewechselt, Bettw\u00e4sche auf Wunsch.<\/p>\n\n\n\n<p><a href=\"https:\/\/www.haus-strelasund.de\/wordpress\/anfrage\/\">Jetzt buchen!<\/a><\/p>\n\n\n\n<div class=\"wp-block-media-text alignwide grundriss\" style=\"grid-template-columns:44% auto\"><figure class=\"wp-block-media-text__media\"><img decoding=\"async\" src=\"https:\/\/www.haus-strelasund.de\/wp-content\/uploads\/2019\/05\/strand14_grundriss.svg\" alt=\"Grundriss Strandl\u00e4ufer\" class=\"wp-image-1321 size-full\"\/><\/figure><div class=\"wp-block-media-text__content\">\n<h3 class=\"wp-block-heading\">Belegung<\/h3>\n\n\n\n<p>Wohnungsgr\u00f6\u00dfe 62 m\u00b2<br>Belegung mit 2-4 Personen<br><\/p>\n<\/div><\/div>\n\n\n\n<h3 class=\"wp-block-heading\">Ausstattung<\/h3>\n\n\n\n<div class=\"wp-block-columns has-2-columns is-layout-flex wp-container-core-columns-is-layout-9d6595d7 wp-block-columns-is-layout-flex\">\n<div class=\"wp-block-column is-layout-flow wp-block-column-is-layout-flow\">\n<h4 class=\"wp-block-heading\">Schlafzimmer 1 (Durchgangszimmer)<\/h4>\n\n\n\n<ul class=\"wp-block-list\">\n<li>Doppelbett mit 1,80m Breite<\/li>\n\n\n\n<li>Kleiderschrank, Wandgarderobe<\/li>\n<\/ul>\n\n\n\n<h4 class=\"wp-block-heading\">Schlafzimmer 2<\/h4>\n\n\n\n<ul class=\"wp-block-list\">\n<li>Doppelbett mit 1,80m Breite<\/li>\n\n\n\n<li>Kleiderschrank, Wandgarderobe<\/li>\n<\/ul>\n\n\n\n<h4 class=\"wp-block-heading\">Wohn-\/Esszimmer<\/h4>\n\n\n\n<ul class=\"wp-block-list\">\n<li>Esstisch mit 4 St\u00fchlen<\/li>\n\n\n\n<li>gem\u00fctliche Sitzecke mit Sofa und zwei Sesseln<\/li>\n<\/ul>\n\n\n\n<h4 class=\"wp-block-heading\">K\u00fcche<\/h4>\n\n\n\n<ul class=\"wp-block-list\">\n<li>Herd mit Ceranfeld und Backofen<\/li>\n\n\n\n<li>Geschirrsp\u00fcler<\/li>\n\n\n\n<li>K\u00fchlschrank<\/li>\n\n\n\n<li>Mikrowelle<\/li>\n\n\n\n<li>Kaffeemaschine<\/li>\n\n\n\n<li>Teekocher<\/li>\n\n\n\n<li>Toaster<\/li>\n<\/ul>\n\n\n\n<h4 class=\"wp-block-heading\">Badezimmer<\/h4>\n\n\n\n<ul class=\"wp-block-list\">\n<li>Dusche<\/li>\n\n\n\n<li>WC<\/li>\n\n\n\n<li>Haartrockner<\/li>\n<\/ul>\n\n\n\n<h4 class=\"wp-block-heading\">Separates G\u00e4ste-WC<\/h4>\n\n\n\n<ul class=\"wp-block-list\">\n<li>Handwaschbecken<\/li>\n\n\n\n<li>WC<\/li>\n<\/ul>\n\n\n\n<h4 class=\"wp-block-heading\">Terrasse (mit Gartenanschluss)<\/h4>\n\n\n\n<ul class=\"wp-block-list\">\n<li>Gartenm\u00f6bel<\/li>\n<\/ul>\n\n\n\n<p><\/p>\n<\/div>\n\n\n\n<div class=\"wp-block-column is-layout-flow wp-block-column-is-layout-flow\">\n<h4 class=\"wp-block-heading\">Technische Ausstattung<\/h4>\n\n\n\n<ul class=\"wp-block-list\">\n<li>TV SAT\/Kabel, Blu-Ray-Player<\/li>\n\n\n\n<li>Internetanschluss \u00fcber WLAN<\/li>\n\n\n\n<li>Radio mit CD-Player<\/li>\n<\/ul>\n\n\n\n<h4 class=\"wp-block-heading\">Sonstiges<\/h4>\n\n\n\n<ul class=\"wp-block-list\">\n<li>Eigener Strandkorb in der Sommersaison<\/li>\n\n\n\n<li>Safe<\/li>\n\n\n\n<li>Staubsauger<\/li>\n\n\n\n<li>B\u00fcgeleisen<\/li>\n\n\n\n<li>W\u00e4schest\u00e4nder<\/li>\n<\/ul>\n\n\n\n<h4 class=\"wp-block-heading\">Sonderausstattung auf Wunsch<\/h4>\n\n\n\n<ul class=\"wp-block-list\">\n<li>Babybett<\/li>\n\n\n\n<li>Kinderstuhl<\/li>\n<\/ul>\n\n\n\n<h4 class=\"wp-block-heading\">Ausstattung Haus Strelasund<\/h4>\n\n\n\n<ul class=\"wp-block-list\">\n<li>Kinderspielplatz im Garten<\/li>\n\n\n\n<li>Waschmaschine und Trockner im Keller<\/li>\n\n\n\n<li>Tiefgaragen-Stellplatz<\/li>\n\n\n\n<li>Aufzug im Haus<\/li>\n<\/ul>\n<\/div>\n<\/div>\n\n\n\n<div class=\"wp-block-columns has-2-columns is-layout-flex wp-container-core-columns-is-layout-9d6595d7 wp-block-columns-is-layout-flex\">\n<div class=\"wp-block-column is-layout-flow wp-block-column-is-layout-flow\">\n<h3 class=\"wp-block-heading\">Preise<\/h3>\n\n\n\n<p><strong>Die Preise enthalten alle Nebenkosten<\/strong>, inkl. Endreinigung, Bettw\u00e4sche und Handt\u00fccher, einen Tiefgaragenstellplatz und einen Strandkorb w\u00e4hrend der Saison.<\/p>\n\n\n\n<figure class=\"wp-block-table\"><table><tbody><tr><td>Strandl\u00e4ufer<\/td><td>Preise f\u00fcr 2 Pers.<\/td><td>Preise f\u00fcr 4 Pers.<\/td><\/tr><tr><td>16.10.-21.12.<br>05.01.-15.03.<\/td><td>100 \u20ac<\/td><td>120 \u20ac<\/td><\/tr><tr><td>16.03.-01.07.<br>01.09.-16.10.<br>21.12.-04.01.<\/td><td>130 \u20ac<\/td><td>150 \u20ac<\/td><\/tr><tr><td>01.07.-01.09.<\/td><td>185 \u20ac<\/td><td>205 \u20ac<\/td><\/tr><\/tbody><\/table><\/figure>\n<\/div>\n\n\n\n<div class=\"wp-block-column is-layout-flow wp-block-column-is-layout-flow\">\n<h3 class=\"wp-block-heading\">Termine<\/h3>\n\n\n\n<div class=\"wp-block-abc-shortcodes-single-calendar\">\n\t\t\t\t<div class=\"abc-singlecalendar\" data-checkin-69e7af6d983af=\"0\" data-offset-69e7af6d983af=\"0\" data-month-69e7af6d983af=\"0\" id=\"abc_singlecalendar_69e7af6d983af\">\n\t\t\t\t\t<div class=\"abc-box abc-single-row\">\n\t\t\t\t\t\t<div data-calendar=\"2\" data-id=\"69e7af6d983af\" class=\"abc-box abc-button abc-single-button-left\">\n\t\t\t\t\t\t\t<button class=\"fa fa-chevron-left abc-button-rl\"><\/button>\n\t\t\t\t\t\t<\/div>\n\t\t\t\t\t\t<div class=\"abc-box abc-month\">\n\t\t\t\t\t\t\t<img decoding=\"async\" alt=\"Wird geladen...\" src=\"https:\/\/www.haus-strelasund.de\/wp-admin\/images\/wpspin_light.gif\" class=\"waiting\" id=\"abc_single_loading-69e7af6d983af\" style=\"display:none\" \/><span id=\"singlecalendar-month-69e7af6d983af\">April 2026<\/span><\/div>\n\t\t\t\t\t\t\t<div data-calendar=\"2\" data-id=\"69e7af6d983af\" class=\"abc-box abc-button abc-single-button-right\">\n\t\t\t\t\t\t\t\t<button class=\"fa fa-chevron-right abc-button-rl\"><\/button>\n\t\t\t\t\t\t<\/div>\n\t\t\t\t\t<\/div>\n\t\t\t\t\t<div class=\"abc-box abc-single-row\">\n\t\t\t\t\t<div class=\"abc-box abc-col-day abc-dayname\">Mo<\/div>\n\t\t\t\t\t<div class=\"abc-box abc-col-day abc-dayname abc-dotted\">Di<\/div>\n\t\t\t\t\t<div class=\"abc-box abc-col-day abc-dayname abc-dotted\">Mi<\/div>\n\t\t\t\t\t<div class=\"abc-box abc-col-day abc-dayname abc-dotted\">Do<\/div>\n\t\t\t\t\t<div class=\"abc-box abc-col-day abc-dayname abc-dotted\">Fr<\/div>\n\t\t\t\t\t<div class=\"abc-box abc-col-day abc-dayname abc-dotted\">Sa<\/div>\n\t\t\t\t\t<div class=\"abc-box abc-col-day abc-dayname abc-dotted\">So<\/div>\n\t\t\t\t\t<\/div>\n\t\t\t\t\t<div id=\"abc-calendar-days-69e7af6d983af\">\n\t\t\t\t\t\t<div class=\"abc-box abc-single-row\"><div class=\"abc-box abc-col-day \">&nbsp;<\/div><div class=\"abc-box abc-col-day abc-dotted \">&nbsp;<\/div><div title=\"\" data-calendar=\"2\" data-id=\"69e7af6d983af\" data-date=\"2026-04-01\" class=\"abc-box abc-col-day abc-dotted abc-past abc-date-item \" id=\"abc-day-69e7af6d983af2026-04-01\">1<br \/><span class=\"abc-single-price\"><\/span><\/div><div title=\"\" data-calendar=\"2\" data-id=\"69e7af6d983af\" data-date=\"2026-04-02\" class=\"abc-box abc-col-day abc-dotted abc-past abc-date-item \" id=\"abc-day-69e7af6d983af2026-04-02\">2<br \/><span class=\"abc-single-price\"><\/span><\/div><div title=\"\" data-calendar=\"2\" data-id=\"69e7af6d983af\" data-date=\"2026-04-03\" class=\"abc-box abc-col-day abc-dotted abc-past abc-date-item \" id=\"abc-day-69e7af6d983af2026-04-03\">3<br \/><span class=\"abc-single-price\"><\/span><\/div><div title=\"\" data-calendar=\"2\" data-id=\"69e7af6d983af\" data-date=\"2026-04-04\" class=\"abc-box abc-col-day abc-dotted abc-past abc-date-item \" id=\"abc-day-69e7af6d983af2026-04-04\">4<br \/><span class=\"abc-single-price\"><\/span><\/div><div title=\"\" data-calendar=\"2\" data-id=\"69e7af6d983af\" data-date=\"2026-04-05\" class=\"abc-box abc-col-day abc-dotted abc-past abc-date-item \" id=\"abc-day-69e7af6d983af2026-04-05\">5<br \/><span class=\"abc-single-price\"><\/span><\/div><\/div><div class=\"abc-box abc-single-row\"><div title=\"\" data-calendar=\"2\" data-id=\"69e7af6d983af\" data-date=\"2026-04-06\" class=\"abc-box abc-col-day abc-past abc-date-item \" id=\"abc-day-69e7af6d983af2026-04-06\">6<br \/><span class=\"abc-single-price\"><\/span><\/div><div title=\"\" data-calendar=\"2\" data-id=\"69e7af6d983af\" data-date=\"2026-04-07\" class=\"abc-box abc-col-day abc-dotted abc-past abc-date-item \" id=\"abc-day-69e7af6d983af2026-04-07\">7<br \/><span class=\"abc-single-price\"><\/span><\/div><div title=\"\" data-calendar=\"2\" data-id=\"69e7af6d983af\" data-date=\"2026-04-08\" class=\"abc-box abc-col-day abc-dotted abc-past abc-date-item \" id=\"abc-day-69e7af6d983af2026-04-08\">8<br \/><span class=\"abc-single-price\"><\/span><\/div><div title=\"\" data-calendar=\"2\" data-id=\"69e7af6d983af\" data-date=\"2026-04-09\" class=\"abc-box abc-col-day abc-dotted abc-past abc-date-item \" id=\"abc-day-69e7af6d983af2026-04-09\">9<br \/><span class=\"abc-single-price\"><\/span><\/div><div title=\"\" data-calendar=\"2\" data-id=\"69e7af6d983af\" data-date=\"2026-04-10\" class=\"abc-box abc-col-day abc-dotted abc-past abc-date-item \" id=\"abc-day-69e7af6d983af2026-04-10\">10<br \/><span class=\"abc-single-price\"><\/span><\/div><div title=\"\" data-calendar=\"2\" data-id=\"69e7af6d983af\" data-date=\"2026-04-11\" class=\"abc-box abc-col-day abc-dotted abc-past abc-date-item \" id=\"abc-day-69e7af6d983af2026-04-11\">11<br \/><span class=\"abc-single-price\"><\/span><\/div><div title=\"\" data-calendar=\"2\" data-id=\"69e7af6d983af\" data-date=\"2026-04-12\" class=\"abc-box abc-col-day abc-dotted abc-past abc-date-item \" id=\"abc-day-69e7af6d983af2026-04-12\">12<br \/><span class=\"abc-single-price\"><\/span><\/div><\/div><div class=\"abc-box abc-single-row\"><div title=\"\" data-calendar=\"2\" data-id=\"69e7af6d983af\" data-date=\"2026-04-13\" class=\"abc-box abc-col-day abc-past abc-date-item \" id=\"abc-day-69e7af6d983af2026-04-13\">13<br \/><span class=\"abc-single-price\"><\/span><\/div><div title=\"\" data-calendar=\"2\" data-id=\"69e7af6d983af\" data-date=\"2026-04-14\" class=\"abc-box abc-col-day abc-dotted abc-past abc-date-item \" id=\"abc-day-69e7af6d983af2026-04-14\">14<br \/><span class=\"abc-single-price\"><\/span><\/div><div title=\"\" data-calendar=\"2\" data-id=\"69e7af6d983af\" data-date=\"2026-04-15\" class=\"abc-box abc-col-day abc-dotted abc-past abc-date-item \" id=\"abc-day-69e7af6d983af2026-04-15\">15<br \/><span class=\"abc-single-price\"><\/span><\/div><div title=\"\" data-calendar=\"2\" data-id=\"69e7af6d983af\" data-date=\"2026-04-16\" class=\"abc-box abc-col-day abc-dotted abc-past abc-date-item \" id=\"abc-day-69e7af6d983af2026-04-16\">16<br \/><span class=\"abc-single-price\"><\/span><\/div><div title=\"\" data-calendar=\"2\" data-id=\"69e7af6d983af\" data-date=\"2026-04-17\" class=\"abc-box abc-col-day abc-dotted abc-past abc-date-item \" id=\"abc-day-69e7af6d983af2026-04-17\">17<br \/><span class=\"abc-single-price\"><\/span><\/div><div title=\"\" data-calendar=\"2\" data-id=\"69e7af6d983af\" data-date=\"2026-04-18\" class=\"abc-box abc-col-day abc-dotted abc-past abc-date-item \" id=\"abc-day-69e7af6d983af2026-04-18\">18<br \/><span class=\"abc-single-price\"><\/span><\/div><div title=\"\" data-calendar=\"2\" data-id=\"69e7af6d983af\" data-date=\"2026-04-19\" class=\"abc-box abc-col-day abc-dotted abc-past abc-date-item \" id=\"abc-day-69e7af6d983af2026-04-19\">19<br \/><span class=\"abc-single-price\"><\/span><\/div><\/div><div class=\"abc-box abc-single-row\"><div title=\"\" data-calendar=\"2\" data-id=\"69e7af6d983af\" data-date=\"2026-04-20\" class=\"abc-box abc-col-day abc-past abc-date-item \" id=\"abc-day-69e7af6d983af2026-04-20\">20<br \/><span class=\"abc-single-price\"><\/span><\/div><div title=\"Verf\u00fcgbar:\n2026-04-21: 150 \u20ac\" data-calendar=\"2\" data-id=\"69e7af6d983af\" data-date=\"2026-04-21\" class=\"abc-box abc-col-day abc-dotted abc-avail abc-date-selector abc-date-item \" id=\"abc-day-69e7af6d983af2026-04-21\">21<br \/><span class=\"abc-single-price\">150 \u20ac<\/span><\/div><div title=\"Verf\u00fcgbar:\n2026-04-22: 150 \u20ac\" data-calendar=\"2\" data-id=\"69e7af6d983af\" data-date=\"2026-04-22\" class=\"abc-box abc-col-day abc-dotted abc-avail abc-date-selector abc-date-item \" id=\"abc-day-69e7af6d983af2026-04-22\">22<br \/><span class=\"abc-single-price\">150 \u20ac<\/span><\/div><div title=\"Verf\u00fcgbar:\n2026-04-23: 150 \u20ac\" data-calendar=\"2\" data-id=\"69e7af6d983af\" data-date=\"2026-04-23\" class=\"abc-box abc-col-day abc-dotted abc-avail abc-date-selector abc-date-item \" id=\"abc-day-69e7af6d983af2026-04-23\">23<br \/><span class=\"abc-single-price\">150 \u20ac<\/span><\/div><div title=\"Verf\u00fcgbar:\n2026-04-24: 150 \u20ac\" data-calendar=\"2\" data-id=\"69e7af6d983af\" data-date=\"2026-04-24\" class=\"abc-box abc-col-day abc-dotted abc-avail abc-date-selector abc-date-item \" id=\"abc-day-69e7af6d983af2026-04-24\">24<br \/><span class=\"abc-single-price\">150 \u20ac<\/span><\/div><div title=\"Verf\u00fcgbar:\n2026-04-25: 150 \u20ac\" data-calendar=\"2\" data-id=\"69e7af6d983af\" data-date=\"2026-04-25\" class=\"abc-box abc-col-day abc-dotted abc-avail abc-date-selector abc-date-item \" id=\"abc-day-69e7af6d983af2026-04-25\">25<br \/><span class=\"abc-single-price\">150 \u20ac<\/span><\/div><div title=\"Verf\u00fcgbar:\n2026-04-26: 150 \u20ac\" data-calendar=\"2\" data-id=\"69e7af6d983af\" data-date=\"2026-04-26\" class=\"abc-box abc-col-day abc-dotted abc-avail abc-date-selector abc-date-item \" id=\"abc-day-69e7af6d983af2026-04-26\">26<br \/><span class=\"abc-single-price\">150 \u20ac<\/span><\/div><\/div><div class=\"abc-box abc-single-row\"><div title=\"Verf\u00fcgbar:\n2026-04-27: 150 \u20ac\" data-calendar=\"2\" data-id=\"69e7af6d983af\" data-date=\"2026-04-27\" class=\"abc-box abc-col-day abc-avail abc-date-selector abc-date-item \" id=\"abc-day-69e7af6d983af2026-04-27\">27<br \/><span class=\"abc-single-price\">150 \u20ac<\/span><\/div><div title=\"Verf\u00fcgbar:\n2026-04-28: 150 \u20ac\" data-calendar=\"2\" data-id=\"69e7af6d983af\" data-date=\"2026-04-28\" class=\"abc-box abc-col-day abc-dotted abc-avail abc-date-selector abc-date-item \" id=\"abc-day-69e7af6d983af2026-04-28\">28<br \/><span class=\"abc-single-price\">150 \u20ac<\/span><\/div><div title=\"Verf\u00fcgbar:\n2026-04-29: 150 \u20ac\" data-calendar=\"2\" data-id=\"69e7af6d983af\" data-date=\"2026-04-29\" class=\"abc-box abc-col-day abc-dotted abc-avail abc-date-selector abc-date-item \" id=\"abc-day-69e7af6d983af2026-04-29\">29<br \/><span class=\"abc-single-price\">150 \u20ac<\/span><\/div><div title=\"Verf\u00fcgbar:\n2026-04-30: 150 \u20ac\" data-calendar=\"2\" data-id=\"69e7af6d983af\" data-date=\"2026-04-30\" class=\"abc-box abc-col-day abc-dotted abc-avail abc-date-selector abc-date-item \" id=\"abc-day-69e7af6d983af2026-04-30\">30<br \/><span class=\"abc-single-price\">150 \u20ac<\/span><\/div><\/div>\n\t\t\t\t\t<\/div><div class=\"abc-single-legend\">\n\t\t\t\t\t\t\t\t\t\t\t<span class=\"fa fa-square-o abc-single-legend-available\"><\/span>\n\t\t\t\t\t\t\t\t\t\t\tVerf\u00fcgbar<span class=\"fa fa-square abc-single-legend-fully\"><\/span>\n\t\t\t\t\t\t\t\t\t\tAusgebucht\n\t\t\t\t\t\t\t\t\t\t<\/div><div id=\"abc-booking-69e7af6d983af\" class=\"abc-booking-selection\">\n\t\t\t\t\t<\/div>\n\t\t\t\t<\/div><\/div>\n<\/div>\n<\/div>\n","protected":false},"excerpt":{"rendered":"<p>***-Ferienapartment Strandl\u00e4ufer Diese komfortable Nichtraucher-Ferienwohnung ist f\u00fcr bis zu 4 Personen und vor allem f\u00fcr Familien gut geeignet. Sie ist ausgestattet mit zwei hintereinander liegenden Schlafzimmern, einem gem\u00fctlichen Wohnzimmer, einer komplett eingerichteten K\u00fcche, einem gro\u00dfz\u00fcgigen Badezimmer mit viel Abstellfl\u00e4che, einem separaten G\u00e4ste-WC und einer Sonnenterrasse mit Blick auf die Binzer Bucht. Die Wohnung ist mit &#8230; <a title=\"***-Ferienapartment Strandl\u00e4ufer\" class=\"read-more\" href=\"https:\/\/www.haus-strelasund.de\/?page_id=159\" aria-label=\"Mehr Informationen \u00fcber ***-Ferienapartment Strandl\u00e4ufer\">Weiterlesen<\/a><\/p>\n","protected":false},"author":1,"featured_media":0,"parent":0,"menu_order":0,"comment_status":"closed","ping_status":"closed","template":"","meta":{"_coblocks_attr":"","_coblocks_dimensions":"","_coblocks_responsive_height":"","_coblocks_accordion_ie_support":"","footnotes":""},"class_list":["post-159","page","type-page","status-publish"],"_links":{"self":[{"href":"https:\/\/www.haus-strelasund.de\/index.php?rest_route=\/wp\/v2\/pages\/159","targetHints":{"allow":["GET"]}}],"collection":[{"href":"https:\/\/www.haus-strelasund.de\/index.php?rest_route=\/wp\/v2\/pages"}],"about":[{"href":"https:\/\/www.haus-strelasund.de\/index.php?rest_route=\/wp\/v2\/types\/page"}],"author":[{"embeddable":true,"href":"https:\/\/www.haus-strelasund.de\/index.php?rest_route=\/wp\/v2\/users\/1"}],"replies":[{"embeddable":true,"href":"https:\/\/www.haus-strelasund.de\/index.php?rest_route=%2Fwp%2Fv2%2Fcomments&post=159"}],"version-history":[{"count":43,"href":"https:\/\/www.haus-strelasund.de\/index.php?rest_route=\/wp\/v2\/pages\/159\/revisions"}],"predecessor-version":[{"id":1877,"href":"https:\/\/www.haus-strelasund.de\/index.php?rest_route=\/wp\/v2\/pages\/159\/revisions\/1877"}],"wp:attachment":[{"href":"https:\/\/www.haus-strelasund.de\/index.php?rest_route=%2Fwp%2Fv2%2Fmedia&parent=159"}],"curies":[{"name":"wp","href":"https:\/\/api.w.org\/{rel}","templated":true}]}}