{"id":156,"date":"2019-02-03T12:20:18","date_gmt":"2019-02-03T11:20:18","guid":{"rendered":"http:\/\/localhost:8888\/wordpress\/?page_id=156"},"modified":"2019-05-19T17:02:10","modified_gmt":"2019-05-19T15:02:10","slug":"haus-strelasund","status":"publish","type":"page","link":"https:\/\/www.haus-strelasund.de\/?page_id=156","title":{"rendered":"****-Apartmenthaus Strelasund"},"content":{"rendered":"\n\n\n\n<h2 class=\"wp-block-heading\">****-Apartmenthaus Strelasund<\/h2>\n\n\n\n<p>Das 1996 gebaute Haus Strelasund ist ein gelungenes Beispiel der f\u00fcr R\u00fcgen so typischen B\u00e4derarchitektur. Sie werden die ruhige Lage \u2013 direkt an der autofreien Strandpromenade und dem feinsandigen Strand und doch nur wenige Meter von g\u00fcnstigen Einkaufsm\u00f6glichkeiten entfernt \u2013 zu sch\u00e4tzen wissen. Das Haus Strelasund liegt an dem ruhigeren Abschnitt der Binzer Strandpromenade, direkt am breiten feinsandigen Strand, der sanft in die Ostsee abf\u00e4llt. Ein idealer und sicherer Badestrand auch f\u00fcr kleine Kinder. Ein Strandkorbverleih befindet sich im Haus. In etwa 150 Metern Entfernung liegen g\u00fcnstige Einkaufsm\u00f6glichkeiten, und den Ortskern und die Seebr\u00fccke erreichen Sie in wenigen Minuten.<\/p>\n\n\n\n<div class=\"wp-block-columns has-2-columns is-layout-flex wp-container-core-columns-is-layout-9d6595d7 wp-block-columns-is-layout-flex\">\n<div class=\"wp-block-column is-layout-flow wp-block-column-is-layout-flow\">\n<h3 class=\"wp-block-heading\">Lage<\/h3>\n\n\n\n<p>Strand: 30 m<br>Bahnhof: 500 m<br>Einkaufsm\u00f6glichkeit: 150 m<br>Ortsmitte: 1 km<\/p>\n<\/div>\n\n\n\n<div class=\"wp-block-column is-layout-flow wp-block-column-is-layout-flow\">\n<h3 class=\"wp-block-heading\">Ausstattung<\/h3>\n\n\n\n<ul class=\"wp-block-list\"><li>Garten mit Spielger\u00e4ten<\/li><li>Waschmaschine und Trockner<\/li><li>Tiefgarage<\/li><li>Eigener Strandkorb<\/li><\/ul>\n<\/div>\n<\/div>\n\n\n\n<h2 class=\"wp-block-heading\">Freizeitaktivit\u00e4ten auf R\u00fcgen<\/h2>\n\n\n\n<div class=\"wp-block-columns has-2-columns is-layout-flex wp-container-core-columns-is-layout-9d6595d7 wp-block-columns-is-layout-flex\">\n<div class=\"wp-block-column is-layout-flow wp-block-column-is-layout-flow\">\n<p>Zu jeder Jahreszeit laden Sie der kilometerlange Strand oder die bewaldete Granitz zu erholsamen Spazierg\u00e4ngen ein.<\/p>\n\n\n\n<p>Wenn Sie gern wandern, bieten sich sch\u00f6ne Ausfl\u00fcge an, \u00fcber die Granitz nach Sellin, von Sassnitz \u00fcber den Hochuferweg, zum K\u00f6nigstuhl \u2013 mit R\u00fcckfahrt per Bus. Auch das M\u00f6nchgut ist sehr reizvoll. <br> Oder erkunden Sie mit dem Rad die Insel. R\u00fcgen bietet gute ausgebaute Radwanderwege und auch weiter entfernte Regionen k\u00f6nnen Sie bequem mit Ihrem Rad mit den Regionalbussen oder dem Rasenden Roland anfahren.<\/p>\n\n\n\n<p><\/p>\n<\/div>\n\n\n\n<div class=\"wp-block-column is-layout-flow wp-block-column-is-layout-flow\">\n<h3 class=\"wp-block-heading\">Angebote in der Umgebung<\/h3>\n\n\n\n<ul class=\"wp-block-list\"><li>Beachvolleyball<\/li><li>Fahrradverleih am Bahnhof<\/li><li>Botanische Wanderungen<\/li><li>Fahrt mit dem Jagdschlossexpress oder der Kutsche zum Jagdschloss Granitz<\/li><li>Schifffahrt zu den Kreidefelsen<\/li><li>Fitnesskurse am Strand<\/li><li>Joggen oder Nordic Walking<\/li><li>Schwimm- und Erlebnisb\u00e4der<\/li><li>Wassersport (Surfen, Tretboot, Standup-Paddling)<\/li><\/ul>\n\n\n\n<p><\/p>\n<\/div>\n<\/div>\n","protected":false},"excerpt":{"rendered":"<p>****-Apartmenthaus Strelasund Das 1996 gebaute Haus Strelasund ist ein gelungenes Beispiel der f\u00fcr R\u00fcgen so typischen B\u00e4derarchitektur. Sie werden die ruhige Lage \u2013 direkt an der autofreien Strandpromenade und dem feinsandigen Strand und doch nur wenige Meter von g\u00fcnstigen Einkaufsm\u00f6glichkeiten entfernt \u2013 zu sch\u00e4tzen wissen. Das Haus Strelasund liegt an dem ruhigeren Abschnitt der Binzer &#8230; <a title=\"****-Apartmenthaus Strelasund\" class=\"read-more\" href=\"https:\/\/www.haus-strelasund.de\/?page_id=156\" aria-label=\"Mehr Informationen \u00fcber ****-Apartmenthaus Strelasund\">Weiterlesen<\/a><\/p>\n","protected":false},"author":1,"featured_media":0,"parent":0,"menu_order":0,"comment_status":"closed","ping_status":"closed","template":"","meta":{"_coblocks_attr":"","_coblocks_dimensions":"","_coblocks_responsive_height":"","_coblocks_accordion_ie_support":"","footnotes":""},"class_list":["post-156","page","type-page","status-publish"],"_links":{"self":[{"href":"https:\/\/www.haus-strelasund.de\/index.php?rest_route=\/wp\/v2\/pages\/156","targetHints":{"allow":["GET"]}}],"collection":[{"href":"https:\/\/www.haus-strelasund.de\/index.php?rest_route=\/wp\/v2\/pages"}],"about":[{"href":"https:\/\/www.haus-strelasund.de\/index.php?rest_route=\/wp\/v2\/types\/page"}],"author":[{"embeddable":true,"href":"https:\/\/www.haus-strelasund.de\/index.php?rest_route=\/wp\/v2\/users\/1"}],"replies":[{"embeddable":true,"href":"https:\/\/www.haus-strelasund.de\/index.php?rest_route=%2Fwp%2Fv2%2Fcomments&post=156"}],"version-history":[{"count":24,"href":"https:\/\/www.haus-strelasund.de\/index.php?rest_route=\/wp\/v2\/pages\/156\/revisions"}],"predecessor-version":[{"id":1718,"href":"https:\/\/www.haus-strelasund.de\/index.php?rest_route=\/wp\/v2\/pages\/156\/revisions\/1718"}],"wp:attachment":[{"href":"https:\/\/www.haus-strelasund.de\/index.php?rest_route=%2Fwp%2Fv2%2Fmedia&parent=156"}],"curies":[{"name":"wp","href":"https:\/\/api.w.org\/{rel}","templated":true}]}}