{"id":153,"date":"2019-02-03T12:12:33","date_gmt":"2019-02-03T11:12:33","guid":{"rendered":"http:\/\/localhost:8888\/wordpress\/?page_id=153"},"modified":"2021-01-17T18:43:32","modified_gmt":"2021-01-17T17:43:32","slug":"home","status":"publish","type":"page","link":"https:\/\/www.haus-strelasund.de\/","title":{"rendered":"Urlaub im Haus Strelasund \u2026"},"content":{"rendered":"\n\n\n\n<h2 class=\"wp-block-heading\">Urlaub im Haus Strelasund \u2026<\/h2>\n\n\n\n<p>\u2026 in Binz auf R\u00fcgen ist nicht nur im Sommer sch\u00f6n, sondern auch in der Vor- und Nachsaison, ja sogar im Winter empfehlenswert. Mit nur wenigen Schritten \u00fcber die Strandpromenade sind Sie am sch\u00f6nsten Sandstrand. Das Ufer ist flach und f\u00e4llt ganz allm\u00e4hlich ab, ein idealer Spielplatz auch f\u00fcr kleine Kinder.<\/p>\n\n\n\n<p>Zu jeder Jahreszeit k\u00f6nnen Sie kilometerweit auf feink\u00f6rnigem Sand am Meer entlang laufen, joggen, walken oder Sie wandern auf dem Hochuferweg durch die W\u00e4lder der Granitz immer mit herrlichem Ausblick auf die Ostsee.<\/p>\n\n\n\n<div class=\"wp-block-coblocks-row coblocks-row-411194613892\" data-columns=\"3\" data-layout=\"33-33-33\"><div class=\"wp-block-coblocks-row__inner has-medium-gutter has-no-padding has-no-margin is-stacked-on-mobile\">\n<div class=\"wp-block-coblocks-column coblocks-column-411194615844\" style=\"width:33.33%\"><div class=\"wp-block-coblocks-column__inner has-no-padding has-no-margin\">\n<figure class=\"wp-block-image\"><img loading=\"lazy\" decoding=\"async\" width=\"800\" height=\"500\" src=\"https:\/\/www.haus-strelasund.de\/wordpress\/wp-content\/uploads\/2019\/05\/haus14_ansicht.jpg\" alt=\"Haus Strelasund\" class=\"wp-image-1220\" srcset=\"https:\/\/www.haus-strelasund.de\/wp-content\/uploads\/2019\/05\/haus14_ansicht.jpg 800w, https:\/\/www.haus-strelasund.de\/wp-content\/uploads\/2019\/05\/haus14_ansicht-300x188.jpg 300w, https:\/\/www.haus-strelasund.de\/wp-content\/uploads\/2019\/05\/haus14_ansicht-768x480.jpg 768w\" sizes=\"auto, (max-width: 800px) 100vw, 800px\" \/><\/figure>\n\n\n\n<h4 class=\"wp-block-heading\" id=\"mce_0\"><a href=\"https:\/\/www.haus-strelasund.de\/?page_id=156\">****-Apartmenthaus Strelasund<\/a><\/h4>\n\n\n\n<p>Von der Ostsee durch D\u00fcne und Pinien gesch\u00fctzt, liegt das bildsch\u00f6ne Apartmenthaus Strelasund im ruhigen Bereich der Strandpromenade. Der breite feinsandige Strand l\u00e4dt zum Faulenzen, Wandern oder Joggen ein. Er f\u00e4llt ganz sanft in die Ostsee ab \u2013 ein idealer und sicherer Badestrand auch f\u00fcr kleine Kinder. <\/p>\n<\/div><\/div>\n\n\n\n<div class=\"wp-block-coblocks-column coblocks-column-411194615859\" style=\"width:33.33%\"><div class=\"wp-block-coblocks-column__inner has-no-padding has-no-margin\">\n<figure class=\"wp-block-image\"><img loading=\"lazy\" decoding=\"async\" width=\"800\" height=\"500\" src=\"https:\/\/www.haus-strelasund.de\/wordpress\/wp-content\/uploads\/2019\/05\/silber01_wohnen.jpg\" alt=\"Silberm\u00f6we\" class=\"wp-image-1260\" srcset=\"https:\/\/www.haus-strelasund.de\/wp-content\/uploads\/2019\/05\/silber01_wohnen.jpg 800w, https:\/\/www.haus-strelasund.de\/wp-content\/uploads\/2019\/05\/silber01_wohnen-300x188.jpg 300w, https:\/\/www.haus-strelasund.de\/wp-content\/uploads\/2019\/05\/silber01_wohnen-768x480.jpg 768w\" sizes=\"auto, (max-width: 800px) 100vw, 800px\" \/><\/figure>\n\n\n\n<h4 class=\"wp-block-heading\" id=\"mce_8\"><a href=\"https:\/\/www.haus-strelasund.de\/?page_id=157\">****-Apartment Silberm\u00f6we<\/a><\/h4>\n\n\n\n<p>Diese komfortable Nichtraucher-Ferienwohnung ist f\u00fcr 4 Personen geeignet. Sie ist ausgestattet mit zwei getrennten Schlafzimmern, einem gem\u00fctlichen Wohnzimmer, einer komplett eingerichteten K\u00fcche, einem gro\u00dfz\u00fcgigen Badezimmer mit viel Abstellfl\u00e4che und einem Balkon mit Blick auf die Binzer Bucht.&nbsp;<\/p>\n<\/div><\/div>\n\n\n\n<div class=\"wp-block-coblocks-column coblocks-column-411194615872\" style=\"width:33.33%\"><div class=\"wp-block-coblocks-column__inner has-no-padding has-no-margin\">\n<figure class=\"wp-block-image\"><img loading=\"lazy\" decoding=\"async\" width=\"800\" height=\"500\" src=\"https:\/\/www.haus-strelasund.de\/wordpress\/wp-content\/uploads\/2019\/05\/strand01_wohnen.jpg\" alt=\"***-Apartment Strandl\u00e4ufer\" class=\"wp-image-1269\" srcset=\"https:\/\/www.haus-strelasund.de\/wp-content\/uploads\/2019\/05\/strand01_wohnen.jpg 800w, https:\/\/www.haus-strelasund.de\/wp-content\/uploads\/2019\/05\/strand01_wohnen-300x188.jpg 300w, https:\/\/www.haus-strelasund.de\/wp-content\/uploads\/2019\/05\/strand01_wohnen-768x480.jpg 768w\" sizes=\"auto, (max-width: 800px) 100vw, 800px\" \/><\/figure>\n\n\n\n<h4 class=\"wp-block-heading\" id=\"mce_14\"><a href=\"https:\/\/www.haus-strelasund.de\/?page_id=159\">***-Apartment Strandl\u00e4ufer<\/a><\/h4>\n\n\n\n<p>Diese komfortable Nichtraucher-Ferienwohnung ist vor allem f\u00fcr Familien mit bis zu 4 Personen geeignet. Sie ist ausgestattet mit zwei getrennten Schlafzimmern (davon ein Durchgangszimmer), einem gem\u00fctlichen Wohnzimmer, einer komplett eingerichteten K\u00fcche, einem gro\u00dfz\u00fcgigen Badezimmer mit viel Abstellfl\u00e4che und einer Terrasse mit direktem Gartenanschluss.<\/p>\n<\/div><\/div>\n<\/div><\/div>\n","protected":false},"excerpt":{"rendered":"<p>Urlaub im Haus Strelasund \u2026 \u2026 in Binz auf R\u00fcgen ist nicht nur im Sommer sch\u00f6n, sondern auch in der Vor- und Nachsaison, ja sogar im Winter empfehlenswert. Mit nur wenigen Schritten \u00fcber die Strandpromenade sind Sie am sch\u00f6nsten Sandstrand. Das Ufer ist flach und f\u00e4llt ganz allm\u00e4hlich ab, ein idealer Spielplatz auch f\u00fcr kleine &#8230; <a title=\"Urlaub im Haus Strelasund \u2026\" class=\"read-more\" href=\"https:\/\/www.haus-strelasund.de\/\" aria-label=\"Mehr Informationen \u00fcber Urlaub im Haus Strelasund \u2026\">Weiterlesen<\/a><\/p>\n","protected":false},"author":1,"featured_media":0,"parent":0,"menu_order":0,"comment_status":"closed","ping_status":"closed","template":"","meta":{"_coblocks_attr":"","_coblocks_dimensions":"","_coblocks_responsive_height":"","_coblocks_accordion_ie_support":"","footnotes":""},"class_list":["post-153","page","type-page","status-publish"],"_links":{"self":[{"href":"https:\/\/www.haus-strelasund.de\/index.php?rest_route=\/wp\/v2\/pages\/153","targetHints":{"allow":["GET"]}}],"collection":[{"href":"https:\/\/www.haus-strelasund.de\/index.php?rest_route=\/wp\/v2\/pages"}],"about":[{"href":"https:\/\/www.haus-strelasund.de\/index.php?rest_route=\/wp\/v2\/types\/page"}],"author":[{"embeddable":true,"href":"https:\/\/www.haus-strelasund.de\/index.php?rest_route=\/wp\/v2\/users\/1"}],"replies":[{"embeddable":true,"href":"https:\/\/www.haus-strelasund.de\/index.php?rest_route=%2Fwp%2Fv2%2Fcomments&post=153"}],"version-history":[{"count":48,"href":"https:\/\/www.haus-strelasund.de\/index.php?rest_route=\/wp\/v2\/pages\/153\/revisions"}],"predecessor-version":[{"id":1810,"href":"https:\/\/www.haus-strelasund.de\/index.php?rest_route=\/wp\/v2\/pages\/153\/revisions\/1810"}],"wp:attachment":[{"href":"https:\/\/www.haus-strelasund.de\/index.php?rest_route=%2Fwp%2Fv2%2Fmedia&parent=153"}],"curies":[{"name":"wp","href":"https:\/\/api.w.org\/{rel}","templated":true}]}}